{"id":4402,"date":"2025-08-01T14:42:32","date_gmt":"2025-08-01T11:42:32","guid":{"rendered":"https:\/\/printmill.medialuotsidemot2.fi\/etusivu\/"},"modified":"2026-02-25T07:46:48","modified_gmt":"2026-02-25T05:46:48","slug":"hemsida","status":"publish","type":"page","link":"https:\/\/printmill.medialuotsidemot2.fi\/sv\/","title":{"rendered":"Hemsida"},"content":{"rendered":"\r\n\r\n<section class=\"hero site-banner banner-bg-image section-default default alignfull image\">\r\n\r\n    <div class=\"site-banner-bg section-bg-image \" >\r\n\r\n        <img loading=\"lazy\" decoding=\"async\" width=\"2500\" height=\"1583\" src=\"https:\/\/printmill.medialuotsidemot2.fi\/wp-content\/uploads\/2026\/02\/oy-print-mill-ab-2-e1771929178195.jpg\" class=\"attachment-1536\u00d71536 size-1536\u00d71536\" alt=\"\" srcset=\"https:\/\/printmill.medialuotsidemot2.fi\/wp-content\/uploads\/2026\/02\/oy-print-mill-ab-2-e1771929178195.jpg 2500w, https:\/\/printmill.medialuotsidemot2.fi\/wp-content\/uploads\/2026\/02\/oy-print-mill-ab-2-e1771929178195-300x190.jpg 300w, https:\/\/printmill.medialuotsidemot2.fi\/wp-content\/uploads\/2026\/02\/oy-print-mill-ab-2-e1771929178195-1024x648.jpg 1024w, https:\/\/printmill.medialuotsidemot2.fi\/wp-content\/uploads\/2026\/02\/oy-print-mill-ab-2-e1771929178195-768x486.jpg 768w, https:\/\/printmill.medialuotsidemot2.fi\/wp-content\/uploads\/2026\/02\/oy-print-mill-ab-2-e1771929178195-1536x973.jpg 1536w, https:\/\/printmill.medialuotsidemot2.fi\/wp-content\/uploads\/2026\/02\/oy-print-mill-ab-2-e1771929178195-2048x1297.jpg 2048w\" sizes=\"auto, (max-width: 2500px) 100vw, 2500px\" \/>\r\n        \r\n            <div class=\"site-banner-content container\">\r\n                <div class=\"row w-100\">\r\n                    <div class=\"col-md-12\">\r\n\r\n                        <div class=\"inner-content\">\r\n                            <div class=\"acf-innerblocks-container\">\n\n<h1 class=\"wp-block-heading\">Fr\u00e5n visitkort till b\u00f6cker.<br>Fr\u00e5n planering till leverans.<\/h1>\n\n<\/div>\r\n                        <\/div>                    <\/div>\r\n                <\/div>\r\n            <\/div>\r\n        \r\n        <\/div><\/section>\n\n\n<div class=\"wp-block-columns are-vertically-aligned-center is-layout-flex wp-container-core-columns-is-layout-9d6595d7 wp-block-columns-is-layout-flex\">\n<div class=\"wp-block-column is-vertically-aligned-center is-layout-flow wp-block-column-is-layout-flow\">\n<h2 class=\"wp-block-heading has-orange-color has-text-color has-link-color wp-elements-64095f073c1c12433ae740b4dd8a6a69\">Betj\u00e4ning. Kvalitet. Snabbhet.<\/h2>\n\n\n\n<p>Livet \u00e4r inte svartvitt. Kunderna \u00e4r olika. S\u00e5 ocks\u00e5 behovena.<br>Ibland r\u00e4cker det med en enkel basl\u00f6sning. Andra g\u00e5nger beh\u00f6vs mera planering och specialteknik.<\/p>\n\n\n\n<p>Vi vill betj\u00e4na dig i alla \u00e4renden som ber\u00f6r tryckning. I stora och i sm\u00e5. I l\u00e4tta och i sv\u00e5ra. Vi erbjuder r\u00e4tta l\u00f6sningar i alla situationer. Vi vill att ditt budskap g\u00e5r fram snabbt och med kvalitet.<\/p>\n\n\n\n<p>L\u00e4s mer om v\u00e5ra tj\u00e4nster:<\/p>\n\n\n\n<div class=\"wp-block-buttons is-layout-flex wp-block-buttons-is-layout-flex\">\n<div class=\"wp-block-button\"><a class=\"wp-block-button__link wp-element-button\" href=\"https:\/\/printmill.medialuotsidemot2.fi\/sv\/planering\/\">Planering<\/a><\/div>\n\n\n\n<div class=\"wp-block-button\"><a class=\"wp-block-button__link wp-element-button\" href=\"https:\/\/printmill.medialuotsidemot2.fi\/sv\/tryckning-efterbehandling\/\">Tryckning &amp; Efterbehandling<\/a><\/div>\n\n\n\n<div class=\"wp-block-button\"><a class=\"wp-block-button__link wp-element-button\" href=\"https:\/\/printmill.medialuotsidemot2.fi\/sv\/produkter\/\">Produkter<\/a><\/div>\n\n\n\n<div class=\"wp-block-button\"><a class=\"wp-block-button__link wp-element-button\" href=\"https:\/\/printmill.medialuotsidemot2.fi\/sv\/leverans\/\">Leverans<\/a><\/div>\n<\/div>\n<\/div>\n\n\n\n<div class=\"wp-block-column is-vertically-aligned-center is-layout-flow wp-block-column-is-layout-flow\">\n<figure class=\"wp-block-image size-full is-resized\"><img loading=\"lazy\" decoding=\"async\" width=\"704\" height=\"528\" src=\"https:\/\/printmill.medialuotsidemot2.fi\/wp-content\/uploads\/2026\/02\/lovisa-turistbroschyr.jpg\" alt=\"\" class=\"wp-image-4294\" style=\"width:656px;height:auto\" srcset=\"https:\/\/printmill.medialuotsidemot2.fi\/wp-content\/uploads\/2026\/02\/lovisa-turistbroschyr.jpg 704w, https:\/\/printmill.medialuotsidemot2.fi\/wp-content\/uploads\/2026\/02\/lovisa-turistbroschyr-300x225.jpg 300w\" sizes=\"auto, (max-width: 704px) 100vw, 704px\" \/><\/figure>\n<\/div>\n<\/div>\n\n\n\n<div class=\"wp-block-cover alignfull is-light has-parallax is-style-default\"><div class=\"wp-block-cover__image-background wp-image-4328 size-full has-parallax\" style=\"background-position:50% 50%;background-image:url(https:\/\/printmill.medialuotsidemot2.fi\/wp-content\/uploads\/2026\/02\/oy-print-mill-ab-1-e1771929160142.jpg)\"><\/div><span aria-hidden=\"true\" class=\"wp-block-cover__background has-light-gray-background-color has-background-dim-60 has-background-dim\"><\/span><div class=\"wp-block-cover__inner-container is-layout-flow wp-block-cover-is-layout-flow\">\n<h2 class=\"wp-block-heading has-text-align-center has-black-color has-text-color\">Fr\u00e5ga mer om v\u00e5ra tj\u00e4nster<\/h2>\n\n\n\n<div class=\"wp-block-buttons mb-0 mt-3 is-content-justification-center is-layout-flex wp-container-core-buttons-is-layout-28206b41 wp-block-buttons-is-layout-flex\">\n<div class=\"wp-block-button is-style-fill\"><a class=\"wp-block-button__link wp-element-button\" href=\"https:\/\/printmill.medialuotsidemot2.fi\/sv\/kontaktuppgifter\/\">Kontakta oss<\/a><\/div>\n<\/div>\n<\/div><\/div>\n","protected":false},"excerpt":{"rendered":"<p>Betj\u00e4ning. Kvalitet. Snabbhet. Livet \u00e4r inte svartvitt. Kunderna \u00e4r olika. S\u00e5 ocks\u00e5 behovena.Ibland r\u00e4cker det med en enkel basl\u00f6sning. Andra g\u00e5nger beh\u00f6vs mera planering och specialteknik. Vi vill betj\u00e4na dig i alla \u00e4renden som ber\u00f6r tryckning. I stora och i sm\u00e5. I l\u00e4tta och i sv\u00e5ra. Vi erbjuder r\u00e4tta l\u00f6sningar i alla situationer. Vi vill [&hellip;]<\/p>\n","protected":false},"author":1,"featured_media":0,"parent":0,"menu_order":1,"comment_status":"closed","ping_status":"closed","template":"","meta":{"_acf_changed":false,"footnotes":""},"class_list":["post-4402","page","type-page","status-publish","hentry"],"acf":[],"aioseo_notices":[],"_links":{"self":[{"href":"https:\/\/printmill.medialuotsidemot2.fi\/sv\/wp-json\/wp\/v2\/pages\/4402","targetHints":{"allow":["GET"]}}],"collection":[{"href":"https:\/\/printmill.medialuotsidemot2.fi\/sv\/wp-json\/wp\/v2\/pages"}],"about":[{"href":"https:\/\/printmill.medialuotsidemot2.fi\/sv\/wp-json\/wp\/v2\/types\/page"}],"author":[{"embeddable":true,"href":"https:\/\/printmill.medialuotsidemot2.fi\/sv\/wp-json\/wp\/v2\/users\/1"}],"replies":[{"embeddable":true,"href":"https:\/\/printmill.medialuotsidemot2.fi\/sv\/wp-json\/wp\/v2\/comments?post=4402"}],"version-history":[{"count":7,"href":"https:\/\/printmill.medialuotsidemot2.fi\/sv\/wp-json\/wp\/v2\/pages\/4402\/revisions"}],"predecessor-version":[{"id":4456,"href":"https:\/\/printmill.medialuotsidemot2.fi\/sv\/wp-json\/wp\/v2\/pages\/4402\/revisions\/4456"}],"wp:attachment":[{"href":"https:\/\/printmill.medialuotsidemot2.fi\/sv\/wp-json\/wp\/v2\/media?parent=4402"}],"curies":[{"name":"wp","href":"https:\/\/api.w.org\/{rel}","templated":true}]}}