{"id":4405,"date":"2025-08-01T09:22:11","date_gmt":"2025-08-01T06:22:11","guid":{"rendered":"https:\/\/printmill.medialuotsidemot2.fi\/suunnittelu\/"},"modified":"2026-02-25T07:48:00","modified_gmt":"2026-02-25T05:48:00","slug":"planering","status":"publish","type":"page","link":"https:\/\/printmill.medialuotsidemot2.fi\/sv\/planering\/","title":{"rendered":"Planering"},"content":{"rendered":"\r\n\r\n<section class=\"hero site-banner banner-bg-image section-default default alignfull image\">\r\n\r\n    <div class=\"site-banner-bg section-bg-image \" >\r\n\r\n        <img loading=\"lazy\" decoding=\"async\" width=\"2500\" height=\"1583\" src=\"https:\/\/printmill.medialuotsidemot2.fi\/wp-content\/uploads\/2026\/02\/oy-print-mill-ab-1-e1771929160142.jpg\" class=\"attachment-1536\u00d71536 size-1536\u00d71536\" alt=\"\" srcset=\"https:\/\/printmill.medialuotsidemot2.fi\/wp-content\/uploads\/2026\/02\/oy-print-mill-ab-1-e1771929160142.jpg 2500w, https:\/\/printmill.medialuotsidemot2.fi\/wp-content\/uploads\/2026\/02\/oy-print-mill-ab-1-e1771929160142-300x190.jpg 300w, https:\/\/printmill.medialuotsidemot2.fi\/wp-content\/uploads\/2026\/02\/oy-print-mill-ab-1-e1771929160142-1024x648.jpg 1024w, https:\/\/printmill.medialuotsidemot2.fi\/wp-content\/uploads\/2026\/02\/oy-print-mill-ab-1-e1771929160142-768x486.jpg 768w, https:\/\/printmill.medialuotsidemot2.fi\/wp-content\/uploads\/2026\/02\/oy-print-mill-ab-1-e1771929160142-1536x973.jpg 1536w, https:\/\/printmill.medialuotsidemot2.fi\/wp-content\/uploads\/2026\/02\/oy-print-mill-ab-1-e1771929160142-2048x1297.jpg 2048w\" sizes=\"auto, (max-width: 2500px) 100vw, 2500px\" \/>\r\n        \r\n            <div class=\"site-banner-content container\">\r\n                <div class=\"row w-100\">\r\n                    <div class=\"col-md-12\">\r\n\r\n                        <h1 class=\"hero-title\">Planering<\/h1><div class=\"inner-content\">\r\n                            <div class=\"acf-innerblocks-container\"><\/div>\r\n                        <\/div>                    <\/div>\r\n                <\/div>\r\n            <\/div>\r\n        \r\n        <\/div><\/section>\n\n\n<div class=\"wp-block-columns are-vertically-aligned-center is-layout-flex wp-container-core-columns-is-layout-9d6595d7 wp-block-columns-is-layout-flex\">\n<div class=\"wp-block-column is-vertically-aligned-center is-layout-flow wp-block-column-is-layout-flow\">\n<p>En stor del av det som skall tryckas levererar kunden till oss som f\u00e4rdigt material. Men vi hj\u00e4lper dig g\u00e4rna, redan i planeringsskedet, oavsett om dina behov \u00e4r stora eller sm\u00e5, l\u00e4tta eller sv\u00e5ra. Det r\u00e4cker att du ber\u00e4ttar \u00e5t oss vad du beh\u00f6ver.<br>Vi har m\u00e5nga \u00e5rs erfarenhet av grafisk planering, och vi samarbetar f\u00f6rst\u00e5s med grafiska planerare p\u00e5 reklambranschen.<\/p>\n\n\n\n<div class=\"wp-block-buttons mb-0 mt-3 is-layout-flex wp-container-core-buttons-is-layout-c07eda73 wp-block-buttons-is-layout-flex\">\n<div class=\"wp-block-button is-style-fill\"><a class=\"wp-block-button__link wp-element-button\" href=\"https:\/\/printmill.medialuotsidemot2.fi\/sv\/kontaktuppgifter\/\">Kontakta oss<\/a><\/div>\n<\/div>\n<\/div>\n\n\n\n<div class=\"wp-block-column is-vertically-aligned-center is-layout-flow wp-block-column-is-layout-flow\">\n<figure class=\"wp-block-image size-full is-resized\"><img loading=\"lazy\" decoding=\"async\" width=\"333\" height=\"250\" src=\"https:\/\/printmill.medialuotsidemot2.fi\/wp-content\/uploads\/2026\/02\/konstnaren-och-grafikern-jobbar.jpg\" alt=\"\" class=\"wp-image-4280\" style=\"width:533px;height:auto\" srcset=\"https:\/\/printmill.medialuotsidemot2.fi\/wp-content\/uploads\/2026\/02\/konstnaren-och-grafikern-jobbar.jpg 333w, https:\/\/printmill.medialuotsidemot2.fi\/wp-content\/uploads\/2026\/02\/konstnaren-och-grafikern-jobbar-300x225.jpg 300w\" sizes=\"auto, (max-width: 333px) 100vw, 333px\" \/><\/figure>\n<\/div>\n<\/div>\n","protected":false},"excerpt":{"rendered":"<p>En stor del av det som skall tryckas levererar kunden till oss som f\u00e4rdigt material. Men vi hj\u00e4lper dig g\u00e4rna, redan i planeringsskedet, oavsett om dina behov \u00e4r stora eller sm\u00e5, l\u00e4tta eller sv\u00e5ra. Det r\u00e4cker att du ber\u00e4ttar \u00e5t oss vad du beh\u00f6ver.Vi har m\u00e5nga \u00e5rs erfarenhet av grafisk planering, och vi samarbetar f\u00f6rst\u00e5s [&hellip;]<\/p>\n","protected":false},"author":1,"featured_media":0,"parent":0,"menu_order":2,"comment_status":"closed","ping_status":"closed","template":"","meta":{"_acf_changed":false,"footnotes":""},"class_list":["post-4405","page","type-page","status-publish","hentry"],"acf":[],"aioseo_notices":[],"_links":{"self":[{"href":"https:\/\/printmill.medialuotsidemot2.fi\/sv\/wp-json\/wp\/v2\/pages\/4405","targetHints":{"allow":["GET"]}}],"collection":[{"href":"https:\/\/printmill.medialuotsidemot2.fi\/sv\/wp-json\/wp\/v2\/pages"}],"about":[{"href":"https:\/\/printmill.medialuotsidemot2.fi\/sv\/wp-json\/wp\/v2\/types\/page"}],"author":[{"embeddable":true,"href":"https:\/\/printmill.medialuotsidemot2.fi\/sv\/wp-json\/wp\/v2\/users\/1"}],"replies":[{"embeddable":true,"href":"https:\/\/printmill.medialuotsidemot2.fi\/sv\/wp-json\/wp\/v2\/comments?post=4405"}],"version-history":[{"count":3,"href":"https:\/\/printmill.medialuotsidemot2.fi\/sv\/wp-json\/wp\/v2\/pages\/4405\/revisions"}],"predecessor-version":[{"id":4457,"href":"https:\/\/printmill.medialuotsidemot2.fi\/sv\/wp-json\/wp\/v2\/pages\/4405\/revisions\/4457"}],"wp:attachment":[{"href":"https:\/\/printmill.medialuotsidemot2.fi\/sv\/wp-json\/wp\/v2\/media?parent=4405"}],"curies":[{"name":"wp","href":"https:\/\/api.w.org\/{rel}","templated":true}]}}