{"id":4408,"date":"2026-02-24T10:20:11","date_gmt":"2026-02-24T08:20:11","guid":{"rendered":"https:\/\/printmill.medialuotsidemot2.fi\/painatus-jalkikasittely\/"},"modified":"2026-02-24T14:50:02","modified_gmt":"2026-02-24T12:50:02","slug":"tryckning-efterbehandling","status":"publish","type":"page","link":"https:\/\/printmill.medialuotsidemot2.fi\/sv\/tryckning-efterbehandling\/","title":{"rendered":"Tryckning &amp; Efterbehandling"},"content":{"rendered":"\r\n\r\n<section class=\"hero site-banner banner-bg-image section-default default alignfull image\">\r\n\r\n    <div class=\"site-banner-bg section-bg-image \" >\r\n\r\n        <img loading=\"lazy\" decoding=\"async\" width=\"2500\" height=\"1580\" src=\"https:\/\/printmill.medialuotsidemot2.fi\/wp-content\/uploads\/2026\/02\/oy-print-mill-ab-4-e1771929201770.jpg\" class=\"attachment-1536\u00d71536 size-1536\u00d71536\" alt=\"\" srcset=\"https:\/\/printmill.medialuotsidemot2.fi\/wp-content\/uploads\/2026\/02\/oy-print-mill-ab-4-e1771929201770.jpg 2500w, https:\/\/printmill.medialuotsidemot2.fi\/wp-content\/uploads\/2026\/02\/oy-print-mill-ab-4-e1771929201770-300x190.jpg 300w, https:\/\/printmill.medialuotsidemot2.fi\/wp-content\/uploads\/2026\/02\/oy-print-mill-ab-4-e1771929201770-1024x647.jpg 1024w, https:\/\/printmill.medialuotsidemot2.fi\/wp-content\/uploads\/2026\/02\/oy-print-mill-ab-4-e1771929201770-768x485.jpg 768w, https:\/\/printmill.medialuotsidemot2.fi\/wp-content\/uploads\/2026\/02\/oy-print-mill-ab-4-e1771929201770-1536x971.jpg 1536w, https:\/\/printmill.medialuotsidemot2.fi\/wp-content\/uploads\/2026\/02\/oy-print-mill-ab-4-e1771929201770-2048x1294.jpg 2048w\" sizes=\"auto, (max-width: 2500px) 100vw, 2500px\" \/>\r\n        \r\n            <div class=\"site-banner-content container\">\r\n                <div class=\"row w-100\">\r\n                    <div class=\"col-md-12\">\r\n\r\n                        <h1 class=\"hero-title\">Tryckning &amp; Efterbehandling<\/h1><div class=\"inner-content\">\r\n                            <div class=\"acf-innerblocks-container\"><\/div>\r\n                        <\/div>                    <\/div>\r\n                <\/div>\r\n            <\/div>\r\n        \r\n        <\/div><\/section>\n\n\n<div class=\"wp-block-columns is-layout-flex wp-container-core-columns-is-layout-9d6595d7 wp-block-columns-is-layout-flex\">\n<div class=\"wp-block-column is-vertically-aligned-center is-layout-flow wp-block-column-is-layout-flow\">\n<p>Vi har b\u00e5de traditionell offsetteknik och modern digitryckteknik i v\u00e5r anv\u00e4ndning. Men tryckandet \u00e4r bara en del av processen. Tryckprodukten rensk\u00e4rs efter tryckningen och hos oss lyckas ocks\u00e5 m\u00e5nga andra efterbehandlingar s\u00e5som stiftning, perforering, pregling, limning, numrering, wire bindning, lackering\u2026<\/p>\n\n\n\n<div class=\"wp-block-buttons mb-0 mt-3 is-layout-flex wp-container-core-buttons-is-layout-c07eda73 wp-block-buttons-is-layout-flex\">\n<div class=\"wp-block-button is-style-fill\"><a class=\"wp-block-button__link wp-element-button\" href=\"https:\/\/printmill.medialuotsidemot2.fi\/sv\/kontaktuppgifter\/\">Kontakta oss<\/a><\/div>\n<\/div>\n<\/div>\n\n\n\n<div class=\"wp-block-column is-layout-flow wp-block-column-is-layout-flow\">\n<figure class=\"wp-block-image size-full is-resized\"><img loading=\"lazy\" decoding=\"async\" width=\"333\" height=\"250\" src=\"https:\/\/printmill.medialuotsidemot2.fi\/wp-content\/uploads\/2026\/02\/kristina-elo.jpg\" alt=\"\" class=\"wp-image-4298\" style=\"width:603px;height:auto\" srcset=\"https:\/\/printmill.medialuotsidemot2.fi\/wp-content\/uploads\/2026\/02\/kristina-elo.jpg 333w, https:\/\/printmill.medialuotsidemot2.fi\/wp-content\/uploads\/2026\/02\/kristina-elo-300x225.jpg 300w\" sizes=\"auto, (max-width: 333px) 100vw, 333px\" \/><\/figure>\n<\/div>\n<\/div>\n","protected":false},"excerpt":{"rendered":"<p>Vi har b\u00e5de traditionell offsetteknik och modern digitryckteknik i v\u00e5r anv\u00e4ndning. Men tryckandet \u00e4r bara en del av processen. Tryckprodukten rensk\u00e4rs efter tryckningen och hos oss lyckas ocks\u00e5 m\u00e5nga andra efterbehandlingar s\u00e5som stiftning, perforering, pregling, limning, numrering, wire bindning, lackering\u2026<\/p>\n","protected":false},"author":1,"featured_media":0,"parent":0,"menu_order":3,"comment_status":"closed","ping_status":"closed","template":"","meta":{"_acf_changed":false,"footnotes":""},"class_list":["post-4408","page","type-page","status-publish","hentry"],"acf":[],"aioseo_notices":[],"_links":{"self":[{"href":"https:\/\/printmill.medialuotsidemot2.fi\/sv\/wp-json\/wp\/v2\/pages\/4408","targetHints":{"allow":["GET"]}}],"collection":[{"href":"https:\/\/printmill.medialuotsidemot2.fi\/sv\/wp-json\/wp\/v2\/pages"}],"about":[{"href":"https:\/\/printmill.medialuotsidemot2.fi\/sv\/wp-json\/wp\/v2\/types\/page"}],"author":[{"embeddable":true,"href":"https:\/\/printmill.medialuotsidemot2.fi\/sv\/wp-json\/wp\/v2\/users\/1"}],"replies":[{"embeddable":true,"href":"https:\/\/printmill.medialuotsidemot2.fi\/sv\/wp-json\/wp\/v2\/comments?post=4408"}],"version-history":[{"count":2,"href":"https:\/\/printmill.medialuotsidemot2.fi\/sv\/wp-json\/wp\/v2\/pages\/4408\/revisions"}],"predecessor-version":[{"id":4447,"href":"https:\/\/printmill.medialuotsidemot2.fi\/sv\/wp-json\/wp\/v2\/pages\/4408\/revisions\/4447"}],"wp:attachment":[{"href":"https:\/\/printmill.medialuotsidemot2.fi\/sv\/wp-json\/wp\/v2\/media?parent=4408"}],"curies":[{"name":"wp","href":"https:\/\/api.w.org\/{rel}","templated":true}]}}