{"id":4411,"date":"2026-02-24T10:38:30","date_gmt":"2026-02-24T08:38:30","guid":{"rendered":"https:\/\/printmill.medialuotsidemot2.fi\/tuotteet\/"},"modified":"2026-02-24T14:39:45","modified_gmt":"2026-02-24T12:39:45","slug":"produkter","status":"publish","type":"page","link":"https:\/\/printmill.medialuotsidemot2.fi\/sv\/produkter\/","title":{"rendered":"Produkter"},"content":{"rendered":"\r\n\r\n<section class=\"hero site-banner banner-bg-image section-default default alignfull image\">\r\n\r\n    <div class=\"site-banner-bg section-bg-image \" >\r\n\r\n        <img loading=\"lazy\" decoding=\"async\" width=\"2500\" height=\"1588\" src=\"https:\/\/printmill.medialuotsidemot2.fi\/wp-content\/uploads\/2026\/02\/oy-print-mill-ab-5-e1771929236322.jpg\" class=\"attachment-1536\u00d71536 size-1536\u00d71536\" alt=\"\" srcset=\"https:\/\/printmill.medialuotsidemot2.fi\/wp-content\/uploads\/2026\/02\/oy-print-mill-ab-5-e1771929236322.jpg 2500w, https:\/\/printmill.medialuotsidemot2.fi\/wp-content\/uploads\/2026\/02\/oy-print-mill-ab-5-e1771929236322-300x191.jpg 300w, https:\/\/printmill.medialuotsidemot2.fi\/wp-content\/uploads\/2026\/02\/oy-print-mill-ab-5-e1771929236322-1024x650.jpg 1024w, https:\/\/printmill.medialuotsidemot2.fi\/wp-content\/uploads\/2026\/02\/oy-print-mill-ab-5-e1771929236322-768x488.jpg 768w, https:\/\/printmill.medialuotsidemot2.fi\/wp-content\/uploads\/2026\/02\/oy-print-mill-ab-5-e1771929236322-1536x976.jpg 1536w, https:\/\/printmill.medialuotsidemot2.fi\/wp-content\/uploads\/2026\/02\/oy-print-mill-ab-5-e1771929236322-2048x1301.jpg 2048w\" sizes=\"auto, (max-width: 2500px) 100vw, 2500px\" \/>\r\n        \r\n            <div class=\"site-banner-content container\">\r\n                <div class=\"row w-100\">\r\n                    <div class=\"col-md-12\">\r\n\r\n                        <h1 class=\"hero-title\">Produkter<\/h1><div class=\"inner-content\">\r\n                            <div class=\"acf-innerblocks-container\"><\/div>\r\n                        <\/div>                    <\/div>\r\n                <\/div>\r\n            <\/div>\r\n        \r\n        <\/div><\/section>\n\n\n<div class=\"wp-block-columns are-vertically-aligned-center is-layout-flex wp-container-core-columns-is-layout-9d6595d7 wp-block-columns-is-layout-flex\">\n<div class=\"wp-block-column is-vertically-aligned-center is-layout-flow wp-block-column-is-layout-flow\">\n<div class=\"wp-block-buttons is-vertical is-layout-flex wp-container-core-buttons-is-layout-8cf370e7 wp-block-buttons-is-layout-flex\">\n<div class=\"wp-block-button\"><a class=\"wp-block-button__link wp-element-button\" href=\"https:\/\/printmill.medialuotsidemot2.fi\/wp-content\/uploads\/2026\/02\/swe-cyan.pdf\" target=\"_blank\" rel=\"noreferrer noopener\">Visioner, m\u00e5l och historier blir verklighet!<\/a><\/div>\n\n\n\n<div class=\"wp-block-button\"><a class=\"wp-block-button__link wp-element-button\" href=\"https:\/\/printmill.medialuotsidemot2.fi\/wp-content\/uploads\/2026\/02\/swe-gul.pdf\" target=\"_blank\" rel=\"noreferrer noopener\">Nya s\u00e4tt att synas?<\/a><\/div>\n\n\n\n<div class=\"wp-block-button\"><a class=\"wp-block-button__link wp-element-button\" href=\"https:\/\/printmill.medialuotsidemot2.fi\/wp-content\/uploads\/2026\/02\/swe-magenta.pdf\" target=\"_blank\" rel=\"noreferrer noopener\">Stunder som \u00e4r sv\u00e5ra att kl\u00e4 i ord.<\/a><\/div>\n\n\n\n<div class=\"wp-block-button\"><a class=\"wp-block-button__link wp-element-button\" href=\"https:\/\/printmill.medialuotsidemot2.fi\/wp-content\/uploads\/2026\/02\/swe-gron.pdf\" target=\"_blank\" rel=\"noreferrer noopener\">Basredskap i dinbusiness.<\/a><\/div>\n\n\n\n<div class=\"wp-block-button\"><a class=\"wp-block-button__link wp-element-button\" href=\"https:\/\/printmill.medialuotsidemot2.fi\/wp-content\/uploads\/2026\/02\/swe-orange.pdf\" target=\"_blank\" rel=\"noreferrer noopener\">Arbetet g\u00f6r m\u00e4staren.<\/a><\/div>\n<\/div>\n<\/div>\n\n\n\n<div class=\"wp-block-column is-vertically-aligned-center is-layout-flow wp-block-column-is-layout-flow\">\n<figure class=\"wp-block-image size-full is-resized\"><img loading=\"lazy\" decoding=\"async\" width=\"709\" height=\"505\" src=\"https:\/\/printmill.medialuotsidemot2.fi\/wp-content\/uploads\/2026\/02\/inge-look-postkort-e1771929710107.jpg\" alt=\"\" class=\"wp-image-4279\" style=\"width:684px;height:auto\" srcset=\"https:\/\/printmill.medialuotsidemot2.fi\/wp-content\/uploads\/2026\/02\/inge-look-postkort-e1771929710107.jpg 709w, https:\/\/printmill.medialuotsidemot2.fi\/wp-content\/uploads\/2026\/02\/inge-look-postkort-e1771929710107-300x214.jpg 300w\" sizes=\"auto, (max-width: 709px) 100vw, 709px\" \/><\/figure>\n<\/div>\n<\/div>\n\n\n\n<figure class=\"wp-block-gallery has-nested-images columns-6 is-cropped wp-block-gallery-1 is-layout-flex wp-block-gallery-is-layout-flex\">\n<figure class=\"wp-block-image size-large\"><a href=\"https:\/\/printmill.medialuotsidemot2.fi\/wp-content\/uploads\/2026\/02\/img-2362.jpg\"><img loading=\"lazy\" decoding=\"async\" width=\"333\" height=\"250\" data-id=\"4278\" src=\"https:\/\/printmill.medialuotsidemot2.fi\/wp-content\/uploads\/2026\/02\/img-2362.jpg\" alt=\"\" class=\"wp-image-4278\" srcset=\"https:\/\/printmill.medialuotsidemot2.fi\/wp-content\/uploads\/2026\/02\/img-2362.jpg 333w, https:\/\/printmill.medialuotsidemot2.fi\/wp-content\/uploads\/2026\/02\/img-2362-300x225.jpg 300w\" sizes=\"auto, (max-width: 333px) 100vw, 333px\" \/><\/a><\/figure>\n\n\n\n<figure class=\"wp-block-image size-large\"><a href=\"https:\/\/printmill.medialuotsidemot2.fi\/wp-content\/uploads\/2026\/02\/inge-look-postkort.jpg\"><img decoding=\"async\" data-id=\"4279\" src=\"https:\/\/printmill.medialuotsidemot2.fi\/wp-content\/uploads\/2026\/02\/inge-look-postkort.jpg\" alt=\"\" class=\"wp-image-4279\"\/><\/a><\/figure>\n\n\n\n<figure class=\"wp-block-image size-large\"><a href=\"https:\/\/printmill.medialuotsidemot2.fi\/wp-content\/uploads\/2026\/02\/konstnaren-och-grafikern-jobbar.jpg\"><img loading=\"lazy\" decoding=\"async\" width=\"333\" height=\"250\" data-id=\"4280\" src=\"https:\/\/printmill.medialuotsidemot2.fi\/wp-content\/uploads\/2026\/02\/konstnaren-och-grafikern-jobbar.jpg\" alt=\"\" class=\"wp-image-4280\" srcset=\"https:\/\/printmill.medialuotsidemot2.fi\/wp-content\/uploads\/2026\/02\/konstnaren-och-grafikern-jobbar.jpg 333w, https:\/\/printmill.medialuotsidemot2.fi\/wp-content\/uploads\/2026\/02\/konstnaren-och-grafikern-jobbar-300x225.jpg 300w\" sizes=\"auto, (max-width: 333px) 100vw, 333px\" \/><\/a><\/figure>\n\n\n\n<figure class=\"wp-block-image size-large\"><a href=\"https:\/\/printmill.medialuotsidemot2.fi\/wp-content\/uploads\/2026\/02\/inge-kalendrar-i-rad.jpg\"><img loading=\"lazy\" decoding=\"async\" width=\"333\" height=\"444\" data-id=\"4281\" src=\"https:\/\/printmill.medialuotsidemot2.fi\/wp-content\/uploads\/2026\/02\/inge-kalendrar-i-rad.jpg\" alt=\"\" class=\"wp-image-4281\" srcset=\"https:\/\/printmill.medialuotsidemot2.fi\/wp-content\/uploads\/2026\/02\/inge-kalendrar-i-rad.jpg 333w, https:\/\/printmill.medialuotsidemot2.fi\/wp-content\/uploads\/2026\/02\/inge-kalendrar-i-rad-225x300.jpg 225w\" sizes=\"auto, (max-width: 333px) 100vw, 333px\" \/><\/a><\/figure>\n\n\n\n<figure class=\"wp-block-image size-large\"><a href=\"https:\/\/printmill.medialuotsidemot2.fi\/wp-content\/uploads\/2026\/02\/stromforsin-ruukki-esite-kopio1.jpg\"><img loading=\"lazy\" decoding=\"async\" width=\"333\" height=\"444\" data-id=\"4282\" src=\"https:\/\/printmill.medialuotsidemot2.fi\/wp-content\/uploads\/2026\/02\/stromforsin-ruukki-esite-kopio1.jpg\" alt=\"\" class=\"wp-image-4282\" srcset=\"https:\/\/printmill.medialuotsidemot2.fi\/wp-content\/uploads\/2026\/02\/stromforsin-ruukki-esite-kopio1.jpg 333w, https:\/\/printmill.medialuotsidemot2.fi\/wp-content\/uploads\/2026\/02\/stromforsin-ruukki-esite-kopio1-225x300.jpg 225w\" sizes=\"auto, (max-width: 333px) 100vw, 333px\" \/><\/a><\/figure>\n\n\n\n<figure class=\"wp-block-image size-large\"><a href=\"https:\/\/printmill.medialuotsidemot2.fi\/wp-content\/uploads\/2026\/02\/danis-hund.jpg\"><img loading=\"lazy\" decoding=\"async\" width=\"333\" height=\"154\" data-id=\"4283\" src=\"https:\/\/printmill.medialuotsidemot2.fi\/wp-content\/uploads\/2026\/02\/danis-hund.jpg\" alt=\"\" class=\"wp-image-4283\" srcset=\"https:\/\/printmill.medialuotsidemot2.fi\/wp-content\/uploads\/2026\/02\/danis-hund.jpg 333w, https:\/\/printmill.medialuotsidemot2.fi\/wp-content\/uploads\/2026\/02\/danis-hund-300x139.jpg 300w\" sizes=\"auto, (max-width: 333px) 100vw, 333px\" \/><\/a><\/figure>\n\n\n\n<figure class=\"wp-block-image size-large\"><a href=\"https:\/\/printmill.medialuotsidemot2.fi\/wp-content\/uploads\/2026\/02\/danis-hund1.jpg\"><img loading=\"lazy\" decoding=\"async\" width=\"212\" height=\"141\" data-id=\"4284\" src=\"https:\/\/printmill.medialuotsidemot2.fi\/wp-content\/uploads\/2026\/02\/danis-hund1.jpg\" alt=\"\" class=\"wp-image-4284\"\/><\/a><\/figure>\n\n\n\n<figure class=\"wp-block-image size-large\"><a href=\"https:\/\/printmill.medialuotsidemot2.fi\/wp-content\/uploads\/2026\/02\/beachflag.jpg\"><img loading=\"lazy\" decoding=\"async\" width=\"212\" height=\"282\" data-id=\"4285\" src=\"https:\/\/printmill.medialuotsidemot2.fi\/wp-content\/uploads\/2026\/02\/beachflag.jpg\" alt=\"\" class=\"wp-image-4285\"\/><\/a><\/figure>\n\n\n\n<figure class=\"wp-block-image size-large\"><a href=\"https:\/\/printmill.medialuotsidemot2.fi\/wp-content\/uploads\/2026\/02\/dsc-9044.jpg\"><img loading=\"lazy\" decoding=\"async\" width=\"212\" height=\"318\" data-id=\"4286\" src=\"https:\/\/printmill.medialuotsidemot2.fi\/wp-content\/uploads\/2026\/02\/dsc-9044.jpg\" alt=\"\" class=\"wp-image-4286\" srcset=\"https:\/\/printmill.medialuotsidemot2.fi\/wp-content\/uploads\/2026\/02\/dsc-9044.jpg 212w, https:\/\/printmill.medialuotsidemot2.fi\/wp-content\/uploads\/2026\/02\/dsc-9044-200x300.jpg 200w\" sizes=\"auto, (max-width: 212px) 100vw, 212px\" \/><\/a><\/figure>\n\n\n\n<figure class=\"wp-block-image size-large\"><a href=\"https:\/\/printmill.medialuotsidemot2.fi\/wp-content\/uploads\/2026\/02\/affischstallning.jpg\"><img loading=\"lazy\" decoding=\"async\" width=\"212\" height=\"282\" data-id=\"4287\" src=\"https:\/\/printmill.medialuotsidemot2.fi\/wp-content\/uploads\/2026\/02\/affischstallning.jpg\" alt=\"\" class=\"wp-image-4287\"\/><\/a><\/figure>\n\n\n\n<figure class=\"wp-block-image size-large\"><a href=\"https:\/\/printmill.medialuotsidemot2.fi\/wp-content\/uploads\/2026\/02\/villisiat-kausijulkaisu.jpg\"><img loading=\"lazy\" decoding=\"async\" width=\"333\" height=\"250\" data-id=\"4288\" src=\"https:\/\/printmill.medialuotsidemot2.fi\/wp-content\/uploads\/2026\/02\/villisiat-kausijulkaisu.jpg\" alt=\"\" class=\"wp-image-4288\" srcset=\"https:\/\/printmill.medialuotsidemot2.fi\/wp-content\/uploads\/2026\/02\/villisiat-kausijulkaisu.jpg 333w, https:\/\/printmill.medialuotsidemot2.fi\/wp-content\/uploads\/2026\/02\/villisiat-kausijulkaisu-300x225.jpg 300w\" sizes=\"auto, (max-width: 333px) 100vw, 333px\" \/><\/a><\/figure>\n\n\n\n<figure class=\"wp-block-image size-large\"><a href=\"https:\/\/printmill.medialuotsidemot2.fi\/wp-content\/uploads\/2026\/02\/stromforsin-ruukki-esite-kopio.jpg\"><img loading=\"lazy\" decoding=\"async\" width=\"333\" height=\"444\" data-id=\"4289\" src=\"https:\/\/printmill.medialuotsidemot2.fi\/wp-content\/uploads\/2026\/02\/stromforsin-ruukki-esite-kopio.jpg\" alt=\"\" class=\"wp-image-4289\" srcset=\"https:\/\/printmill.medialuotsidemot2.fi\/wp-content\/uploads\/2026\/02\/stromforsin-ruukki-esite-kopio.jpg 333w, https:\/\/printmill.medialuotsidemot2.fi\/wp-content\/uploads\/2026\/02\/stromforsin-ruukki-esite-kopio-225x300.jpg 225w\" sizes=\"auto, (max-width: 333px) 100vw, 333px\" \/><\/a><\/figure>\n\n\n\n<figure class=\"wp-block-image size-large\"><a href=\"https:\/\/printmill.medialuotsidemot2.fi\/wp-content\/uploads\/2026\/02\/vi-hors-julkaisu.jpg\"><img loading=\"lazy\" decoding=\"async\" width=\"333\" height=\"444\" data-id=\"4290\" src=\"https:\/\/printmill.medialuotsidemot2.fi\/wp-content\/uploads\/2026\/02\/vi-hors-julkaisu.jpg\" alt=\"\" class=\"wp-image-4290\" srcset=\"https:\/\/printmill.medialuotsidemot2.fi\/wp-content\/uploads\/2026\/02\/vi-hors-julkaisu.jpg 333w, https:\/\/printmill.medialuotsidemot2.fi\/wp-content\/uploads\/2026\/02\/vi-hors-julkaisu-225x300.jpg 225w\" sizes=\"auto, (max-width: 333px) 100vw, 333px\" \/><\/a><\/figure>\n\n\n\n<figure class=\"wp-block-image size-large\"><a href=\"https:\/\/printmill.medialuotsidemot2.fi\/wp-content\/uploads\/2026\/02\/print-mill-penna-svart.jpg\"><img loading=\"lazy\" decoding=\"async\" width=\"333\" height=\"333\" data-id=\"4291\" src=\"https:\/\/printmill.medialuotsidemot2.fi\/wp-content\/uploads\/2026\/02\/print-mill-penna-svart.jpg\" alt=\"\" class=\"wp-image-4291\" srcset=\"https:\/\/printmill.medialuotsidemot2.fi\/wp-content\/uploads\/2026\/02\/print-mill-penna-svart.jpg 333w, https:\/\/printmill.medialuotsidemot2.fi\/wp-content\/uploads\/2026\/02\/print-mill-penna-svart-300x300.jpg 300w, https:\/\/printmill.medialuotsidemot2.fi\/wp-content\/uploads\/2026\/02\/print-mill-penna-svart-150x150.jpg 150w\" sizes=\"auto, (max-width: 333px) 100vw, 333px\" \/><\/a><\/figure>\n\n\n\n<figure class=\"wp-block-image size-large\"><a href=\"https:\/\/printmill.medialuotsidemot2.fi\/wp-content\/uploads\/2026\/02\/rootsinpyhtaan-bluegrass-esite.jpg\"><img loading=\"lazy\" decoding=\"async\" width=\"333\" height=\"444\" data-id=\"4292\" src=\"https:\/\/printmill.medialuotsidemot2.fi\/wp-content\/uploads\/2026\/02\/rootsinpyhtaan-bluegrass-esite.jpg\" alt=\"\" class=\"wp-image-4292\" srcset=\"https:\/\/printmill.medialuotsidemot2.fi\/wp-content\/uploads\/2026\/02\/rootsinpyhtaan-bluegrass-esite.jpg 333w, https:\/\/printmill.medialuotsidemot2.fi\/wp-content\/uploads\/2026\/02\/rootsinpyhtaan-bluegrass-esite-225x300.jpg 225w\" sizes=\"auto, (max-width: 333px) 100vw, 333px\" \/><\/a><\/figure>\n\n\n\n<figure class=\"wp-block-image size-large\"><a href=\"https:\/\/printmill.medialuotsidemot2.fi\/wp-content\/uploads\/2026\/02\/sotilaskoti-julkaisiu.jpg\"><img loading=\"lazy\" decoding=\"async\" width=\"333\" height=\"444\" data-id=\"4293\" src=\"https:\/\/printmill.medialuotsidemot2.fi\/wp-content\/uploads\/2026\/02\/sotilaskoti-julkaisiu.jpg\" alt=\"\" class=\"wp-image-4293\" srcset=\"https:\/\/printmill.medialuotsidemot2.fi\/wp-content\/uploads\/2026\/02\/sotilaskoti-julkaisiu.jpg 333w, https:\/\/printmill.medialuotsidemot2.fi\/wp-content\/uploads\/2026\/02\/sotilaskoti-julkaisiu-225x300.jpg 225w\" sizes=\"auto, (max-width: 333px) 100vw, 333px\" \/><\/a><\/figure>\n\n\n\n<figure class=\"wp-block-image size-large\"><a href=\"https:\/\/printmill.medialuotsidemot2.fi\/wp-content\/uploads\/2026\/02\/lovisa-turistbroschyr.jpg\"><img loading=\"lazy\" decoding=\"async\" width=\"704\" height=\"528\" data-id=\"4294\" src=\"https:\/\/printmill.medialuotsidemot2.fi\/wp-content\/uploads\/2026\/02\/lovisa-turistbroschyr.jpg\" alt=\"\" class=\"wp-image-4294\" srcset=\"https:\/\/printmill.medialuotsidemot2.fi\/wp-content\/uploads\/2026\/02\/lovisa-turistbroschyr.jpg 704w, https:\/\/printmill.medialuotsidemot2.fi\/wp-content\/uploads\/2026\/02\/lovisa-turistbroschyr-300x225.jpg 300w\" sizes=\"auto, (max-width: 704px) 100vw, 704px\" \/><\/a><\/figure>\n\n\n\n<figure class=\"wp-block-image size-large\"><a href=\"https:\/\/printmill.medialuotsidemot2.fi\/wp-content\/uploads\/2026\/02\/luana-roll-up-2.jpg\"><img loading=\"lazy\" decoding=\"async\" width=\"333\" height=\"592\" data-id=\"4296\" src=\"https:\/\/printmill.medialuotsidemot2.fi\/wp-content\/uploads\/2026\/02\/luana-roll-up-2.jpg\" alt=\"\" class=\"wp-image-4296\" srcset=\"https:\/\/printmill.medialuotsidemot2.fi\/wp-content\/uploads\/2026\/02\/luana-roll-up-2.jpg 333w, https:\/\/printmill.medialuotsidemot2.fi\/wp-content\/uploads\/2026\/02\/luana-roll-up-2-169x300.jpg 169w\" sizes=\"auto, (max-width: 333px) 100vw, 333px\" \/><\/a><\/figure>\n\n\n\n<figure class=\"wp-block-image size-large\"><a href=\"https:\/\/printmill.medialuotsidemot2.fi\/wp-content\/uploads\/2026\/02\/kultakukka.jpg\"><img loading=\"lazy\" decoding=\"async\" width=\"333\" height=\"250\" data-id=\"4297\" src=\"https:\/\/printmill.medialuotsidemot2.fi\/wp-content\/uploads\/2026\/02\/kultakukka.jpg\" alt=\"\" class=\"wp-image-4297\" srcset=\"https:\/\/printmill.medialuotsidemot2.fi\/wp-content\/uploads\/2026\/02\/kultakukka.jpg 333w, https:\/\/printmill.medialuotsidemot2.fi\/wp-content\/uploads\/2026\/02\/kultakukka-300x225.jpg 300w\" sizes=\"auto, (max-width: 333px) 100vw, 333px\" \/><\/a><\/figure>\n\n\n\n<figure class=\"wp-block-image size-large\"><a href=\"https:\/\/printmill.medialuotsidemot2.fi\/wp-content\/uploads\/2026\/02\/kristina-elo.jpg\"><img loading=\"lazy\" decoding=\"async\" width=\"333\" height=\"250\" data-id=\"4298\" src=\"https:\/\/printmill.medialuotsidemot2.fi\/wp-content\/uploads\/2026\/02\/kristina-elo.jpg\" alt=\"\" class=\"wp-image-4298\" srcset=\"https:\/\/printmill.medialuotsidemot2.fi\/wp-content\/uploads\/2026\/02\/kristina-elo.jpg 333w, https:\/\/printmill.medialuotsidemot2.fi\/wp-content\/uploads\/2026\/02\/kristina-elo-300x225.jpg 300w\" sizes=\"auto, (max-width: 333px) 100vw, 333px\" \/><\/a><\/figure>\n\n\n\n<figure class=\"wp-block-image size-large\"><a href=\"https:\/\/printmill.medialuotsidemot2.fi\/wp-content\/uploads\/2026\/02\/kultafoliointi.jpg\"><img loading=\"lazy\" decoding=\"async\" width=\"333\" height=\"444\" data-id=\"4299\" src=\"https:\/\/printmill.medialuotsidemot2.fi\/wp-content\/uploads\/2026\/02\/kultafoliointi.jpg\" alt=\"\" class=\"wp-image-4299\" srcset=\"https:\/\/printmill.medialuotsidemot2.fi\/wp-content\/uploads\/2026\/02\/kultafoliointi.jpg 333w, https:\/\/printmill.medialuotsidemot2.fi\/wp-content\/uploads\/2026\/02\/kultafoliointi-225x300.jpg 225w\" sizes=\"auto, (max-width: 333px) 100vw, 333px\" \/><\/a><\/figure>\n\n\n\n<figure class=\"wp-block-image size-large\"><a href=\"https:\/\/printmill.medialuotsidemot2.fi\/wp-content\/uploads\/2026\/02\/inge-look-julkort.jpg\"><img loading=\"lazy\" decoding=\"async\" width=\"333\" height=\"444\" data-id=\"4300\" src=\"https:\/\/printmill.medialuotsidemot2.fi\/wp-content\/uploads\/2026\/02\/inge-look-julkort.jpg\" alt=\"\" class=\"wp-image-4300\" srcset=\"https:\/\/printmill.medialuotsidemot2.fi\/wp-content\/uploads\/2026\/02\/inge-look-julkort.jpg 333w, https:\/\/printmill.medialuotsidemot2.fi\/wp-content\/uploads\/2026\/02\/inge-look-julkort-225x300.jpg 225w\" sizes=\"auto, (max-width: 333px) 100vw, 333px\" \/><\/a><\/figure>\n\n\n\n<figure class=\"wp-block-image size-large\"><a href=\"https:\/\/printmill.medialuotsidemot2.fi\/wp-content\/uploads\/2026\/02\/kirjat.jpg\"><img loading=\"lazy\" decoding=\"async\" width=\"333\" height=\"250\" data-id=\"4301\" src=\"https:\/\/printmill.medialuotsidemot2.fi\/wp-content\/uploads\/2026\/02\/kirjat.jpg\" alt=\"\" class=\"wp-image-4301\" srcset=\"https:\/\/printmill.medialuotsidemot2.fi\/wp-content\/uploads\/2026\/02\/kirjat.jpg 333w, https:\/\/printmill.medialuotsidemot2.fi\/wp-content\/uploads\/2026\/02\/kirjat-300x225.jpg 300w\" sizes=\"auto, (max-width: 333px) 100vw, 333px\" \/><\/a><\/figure>\n\n\n\n<figure class=\"wp-block-image size-large\"><a href=\"https:\/\/printmill.medialuotsidemot2.fi\/wp-content\/uploads\/2026\/02\/kierresidonta.jpg\"><img loading=\"lazy\" decoding=\"async\" width=\"212\" height=\"282\" data-id=\"4302\" src=\"https:\/\/printmill.medialuotsidemot2.fi\/wp-content\/uploads\/2026\/02\/kierresidonta.jpg\" alt=\"\" class=\"wp-image-4302\"\/><\/a><\/figure>\n\n\n\n<figure class=\"wp-block-image size-large\"><a href=\"https:\/\/printmill.medialuotsidemot2.fi\/wp-content\/uploads\/2026\/02\/inge-look-gummor-kort.jpg\"><img loading=\"lazy\" decoding=\"async\" width=\"333\" height=\"250\" data-id=\"4303\" src=\"https:\/\/printmill.medialuotsidemot2.fi\/wp-content\/uploads\/2026\/02\/inge-look-gummor-kort.jpg\" alt=\"\" class=\"wp-image-4303\" srcset=\"https:\/\/printmill.medialuotsidemot2.fi\/wp-content\/uploads\/2026\/02\/inge-look-gummor-kort.jpg 333w, https:\/\/printmill.medialuotsidemot2.fi\/wp-content\/uploads\/2026\/02\/inge-look-gummor-kort-300x225.jpg 300w\" sizes=\"auto, (max-width: 333px) 100vw, 333px\" \/><\/a><\/figure>\n\n\n\n<figure class=\"wp-block-image size-large\"><a href=\"https:\/\/printmill.medialuotsidemot2.fi\/wp-content\/uploads\/2026\/02\/kalenteri-mainoksilla-1.jpg\"><img loading=\"lazy\" decoding=\"async\" width=\"333\" height=\"250\" data-id=\"4304\" src=\"https:\/\/printmill.medialuotsidemot2.fi\/wp-content\/uploads\/2026\/02\/kalenteri-mainoksilla-1.jpg\" alt=\"\" class=\"wp-image-4304\" srcset=\"https:\/\/printmill.medialuotsidemot2.fi\/wp-content\/uploads\/2026\/02\/kalenteri-mainoksilla-1.jpg 333w, https:\/\/printmill.medialuotsidemot2.fi\/wp-content\/uploads\/2026\/02\/kalenteri-mainoksilla-1-300x225.jpg 300w\" sizes=\"auto, (max-width: 333px) 100vw, 333px\" \/><\/a><\/figure>\n\n\n\n<figure class=\"wp-block-image size-large\"><a href=\"https:\/\/printmill.medialuotsidemot2.fi\/wp-content\/uploads\/2026\/02\/inge-look.jpg\"><img loading=\"lazy\" decoding=\"async\" width=\"333\" height=\"250\" data-id=\"4305\" src=\"https:\/\/printmill.medialuotsidemot2.fi\/wp-content\/uploads\/2026\/02\/inge-look.jpg\" alt=\"\" class=\"wp-image-4305\" srcset=\"https:\/\/printmill.medialuotsidemot2.fi\/wp-content\/uploads\/2026\/02\/inge-look.jpg 333w, https:\/\/printmill.medialuotsidemot2.fi\/wp-content\/uploads\/2026\/02\/inge-look-300x225.jpg 300w\" sizes=\"auto, (max-width: 333px) 100vw, 333px\" \/><\/a><\/figure>\n\n\n\n<figure class=\"wp-block-image size-large\"><a href=\"https:\/\/printmill.medialuotsidemot2.fi\/wp-content\/uploads\/2026\/02\/sv-kulturfonden-arsbok.jpg\"><img loading=\"lazy\" decoding=\"async\" width=\"333\" height=\"250\" data-id=\"4306\" src=\"https:\/\/printmill.medialuotsidemot2.fi\/wp-content\/uploads\/2026\/02\/sv-kulturfonden-arsbok.jpg\" alt=\"\" class=\"wp-image-4306\" srcset=\"https:\/\/printmill.medialuotsidemot2.fi\/wp-content\/uploads\/2026\/02\/sv-kulturfonden-arsbok.jpg 333w, https:\/\/printmill.medialuotsidemot2.fi\/wp-content\/uploads\/2026\/02\/sv-kulturfonden-arsbok-300x225.jpg 300w\" sizes=\"auto, (max-width: 333px) 100vw, 333px\" \/><\/a><\/figure>\n\n\n\n<figure class=\"wp-block-image size-large\"><a href=\"https:\/\/printmill.medialuotsidemot2.fi\/wp-content\/uploads\/2026\/02\/art-of-foiling-2-scaled.jpg\"><img loading=\"lazy\" decoding=\"async\" width=\"768\" height=\"1024\" data-id=\"4308\" src=\"https:\/\/printmill.medialuotsidemot2.fi\/wp-content\/uploads\/2026\/02\/art-of-foiling-2-768x1024.jpg\" alt=\"\" class=\"wp-image-4308\" srcset=\"https:\/\/printmill.medialuotsidemot2.fi\/wp-content\/uploads\/2026\/02\/art-of-foiling-2-768x1024.jpg 768w, https:\/\/printmill.medialuotsidemot2.fi\/wp-content\/uploads\/2026\/02\/art-of-foiling-2-225x300.jpg 225w, https:\/\/printmill.medialuotsidemot2.fi\/wp-content\/uploads\/2026\/02\/art-of-foiling-2-1152x1536.jpg 1152w, https:\/\/printmill.medialuotsidemot2.fi\/wp-content\/uploads\/2026\/02\/art-of-foiling-2-1536x2048.jpg 1536w, https:\/\/printmill.medialuotsidemot2.fi\/wp-content\/uploads\/2026\/02\/art-of-foiling-2-scaled.jpg 1920w\" sizes=\"auto, (max-width: 768px) 100vw, 768px\" \/><\/a><\/figure>\n<\/figure>\n","protected":false},"excerpt":{"rendered":"","protected":false},"author":1,"featured_media":0,"parent":0,"menu_order":4,"comment_status":"closed","ping_status":"closed","template":"","meta":{"_acf_changed":false,"footnotes":""},"class_list":["post-4411","page","type-page","status-publish","hentry"],"acf":[],"aioseo_notices":[],"_links":{"self":[{"href":"https:\/\/printmill.medialuotsidemot2.fi\/sv\/wp-json\/wp\/v2\/pages\/4411","targetHints":{"allow":["GET"]}}],"collection":[{"href":"https:\/\/printmill.medialuotsidemot2.fi\/sv\/wp-json\/wp\/v2\/pages"}],"about":[{"href":"https:\/\/printmill.medialuotsidemot2.fi\/sv\/wp-json\/wp\/v2\/types\/page"}],"author":[{"embeddable":true,"href":"https:\/\/printmill.medialuotsidemot2.fi\/sv\/wp-json\/wp\/v2\/users\/1"}],"replies":[{"embeddable":true,"href":"https:\/\/printmill.medialuotsidemot2.fi\/sv\/wp-json\/wp\/v2\/comments?post=4411"}],"version-history":[{"count":1,"href":"https:\/\/printmill.medialuotsidemot2.fi\/sv\/wp-json\/wp\/v2\/pages\/4411\/revisions"}],"predecessor-version":[{"id":4423,"href":"https:\/\/printmill.medialuotsidemot2.fi\/sv\/wp-json\/wp\/v2\/pages\/4411\/revisions\/4423"}],"wp:attachment":[{"href":"https:\/\/printmill.medialuotsidemot2.fi\/sv\/wp-json\/wp\/v2\/media?parent=4411"}],"curies":[{"name":"wp","href":"https:\/\/api.w.org\/{rel}","templated":true}]}}