{"id":4425,"date":"2026-02-24T10:39:26","date_gmt":"2026-02-24T08:39:26","guid":{"rendered":"https:\/\/printmill.medialuotsidemot2.fi\/toimitus\/"},"modified":"2026-02-25T07:48:54","modified_gmt":"2026-02-25T05:48:54","slug":"leverans","status":"publish","type":"page","link":"https:\/\/printmill.medialuotsidemot2.fi\/sv\/leverans\/","title":{"rendered":"Leverans"},"content":{"rendered":"\r\n\r\n<section class=\"hero site-banner banner-bg-image section-default default alignfull image\">\r\n\r\n    <div class=\"site-banner-bg section-bg-image \" >\r\n\r\n        <img loading=\"lazy\" decoding=\"async\" width=\"2500\" height=\"966\" src=\"https:\/\/printmill.medialuotsidemot2.fi\/wp-content\/uploads\/2026\/02\/oy-print-mill-ab-3.jpg\" class=\"attachment-1536\u00d71536 size-1536\u00d71536\" alt=\"\" srcset=\"https:\/\/printmill.medialuotsidemot2.fi\/wp-content\/uploads\/2026\/02\/oy-print-mill-ab-3.jpg 2500w, https:\/\/printmill.medialuotsidemot2.fi\/wp-content\/uploads\/2026\/02\/oy-print-mill-ab-3-300x116.jpg 300w, https:\/\/printmill.medialuotsidemot2.fi\/wp-content\/uploads\/2026\/02\/oy-print-mill-ab-3-1024x396.jpg 1024w, https:\/\/printmill.medialuotsidemot2.fi\/wp-content\/uploads\/2026\/02\/oy-print-mill-ab-3-768x297.jpg 768w, https:\/\/printmill.medialuotsidemot2.fi\/wp-content\/uploads\/2026\/02\/oy-print-mill-ab-3-1536x594.jpg 1536w, https:\/\/printmill.medialuotsidemot2.fi\/wp-content\/uploads\/2026\/02\/oy-print-mill-ab-3-2048x791.jpg 2048w\" sizes=\"auto, (max-width: 2500px) 100vw, 2500px\" \/>\r\n        \r\n            <div class=\"site-banner-content container\">\r\n                <div class=\"row w-100\">\r\n                    <div class=\"col-md-12\">\r\n\r\n                        <h1 class=\"hero-title\">Leverans<\/h1><div class=\"inner-content\">\r\n                            <div class=\"acf-innerblocks-container\"><\/div>\r\n                        <\/div>                    <\/div>\r\n                <\/div>\r\n            <\/div>\r\n        \r\n        <\/div><\/section>\n\n\n<div class=\"wp-block-columns is-style-narrow is-layout-flex wp-container-core-columns-is-layout-9d6595d7 wp-block-columns-is-layout-flex\">\n<div class=\"wp-block-column is-layout-flow wp-block-column-is-layout-flow\">\n<p>N\u00e4r tryckprodukten \u00e4r klar, levererar vi den till den adress du \u00f6nskar. Eller om du beh\u00f6ver postningstj\u00e4nst sk\u00f6ter vi \u00e4ven det. Du levererar bara en adressfil till oss och vi sk\u00f6ter resten.<br>L\u00e4tt!<\/p>\n\n\n\n<div class=\"wp-block-buttons mb-0 mt-3 is-layout-flex wp-container-core-buttons-is-layout-c07eda73 wp-block-buttons-is-layout-flex\">\n<div class=\"wp-block-button is-style-fill\"><a class=\"wp-block-button__link wp-element-button\" href=\"https:\/\/printmill.medialuotsidemot2.fi\/sv\/kontaktuppgifter\/\">Kontakta oss<\/a><\/div>\n<\/div>\n<\/div>\n<\/div>\n","protected":false},"excerpt":{"rendered":"<p>N\u00e4r tryckprodukten \u00e4r klar, levererar vi den till den adress du \u00f6nskar. Eller om du beh\u00f6ver postningstj\u00e4nst sk\u00f6ter vi \u00e4ven det. Du levererar bara en adressfil till oss och vi sk\u00f6ter resten.L\u00e4tt!<\/p>\n","protected":false},"author":1,"featured_media":0,"parent":0,"menu_order":5,"comment_status":"closed","ping_status":"closed","template":"","meta":{"_acf_changed":false,"footnotes":""},"class_list":["post-4425","page","type-page","status-publish","hentry"],"acf":[],"aioseo_notices":[],"_links":{"self":[{"href":"https:\/\/printmill.medialuotsidemot2.fi\/sv\/wp-json\/wp\/v2\/pages\/4425","targetHints":{"allow":["GET"]}}],"collection":[{"href":"https:\/\/printmill.medialuotsidemot2.fi\/sv\/wp-json\/wp\/v2\/pages"}],"about":[{"href":"https:\/\/printmill.medialuotsidemot2.fi\/sv\/wp-json\/wp\/v2\/types\/page"}],"author":[{"embeddable":true,"href":"https:\/\/printmill.medialuotsidemot2.fi\/sv\/wp-json\/wp\/v2\/users\/1"}],"replies":[{"embeddable":true,"href":"https:\/\/printmill.medialuotsidemot2.fi\/sv\/wp-json\/wp\/v2\/comments?post=4425"}],"version-history":[{"count":3,"href":"https:\/\/printmill.medialuotsidemot2.fi\/sv\/wp-json\/wp\/v2\/pages\/4425\/revisions"}],"predecessor-version":[{"id":4458,"href":"https:\/\/printmill.medialuotsidemot2.fi\/sv\/wp-json\/wp\/v2\/pages\/4425\/revisions\/4458"}],"wp:attachment":[{"href":"https:\/\/printmill.medialuotsidemot2.fi\/sv\/wp-json\/wp\/v2\/media?parent=4425"}],"curies":[{"name":"wp","href":"https:\/\/api.w.org\/{rel}","templated":true}]}}